{"id":12,"date":"2015-10-22T13:31:06","date_gmt":"2015-10-22T13:31:06","guid":{"rendered":"https:\/\/punkturinn.akureyri.is\/?page_id=12"},"modified":"2020-01-17T12:04:41","modified_gmt":"2020-01-17T12:04:41","slug":"namskeid-i-bodi","status":"publish","type":"page","link":"https:\/\/punkturinn.akureyri.is\/index.php\/namskeid-i-bodi\/","title":{"rendered":"N\u00e1mskei\u00f0 \u00ed bo\u00f0i"},"content":{"rendered":"<p><a href=\"https:\/\/punkturinn.akureyri.is\/wp-content\/uploads\/2020\/01\/Baklingur-vor-2020-endanlegur.png\"><img loading=\"lazy\" class=\"aligncenter size-full wp-image-814\" src=\"https:\/\/punkturinn.akureyri.is\/wp-content\/uploads\/2020\/01\/Baklingur-vor-2020-endanlegur.png\" alt=\"\" width=\"1240\" height=\"1754\" srcset=\"https:\/\/punkturinn.akureyri.is\/wp-content\/uploads\/2020\/01\/Baklingur-vor-2020-endanlegur.png 1240w, https:\/\/punkturinn.akureyri.is\/wp-content\/uploads\/2020\/01\/Baklingur-vor-2020-endanlegur-212x300.png 212w, https:\/\/punkturinn.akureyri.is\/wp-content\/uploads\/2020\/01\/Baklingur-vor-2020-endanlegur-768x1086.png 768w, https:\/\/punkturinn.akureyri.is\/wp-content\/uploads\/2020\/01\/Baklingur-vor-2020-endanlegur-724x1024.png 724w\" sizes=\"(max-width: 1240px) 100vw, 1240px\" \/><\/a> <a href=\"https:\/\/punkturinn.akureyri.is\/wp-content\/uploads\/2020\/01\/Bls-2.png\"><img loading=\"lazy\" class=\"aligncenter size-full wp-image-817\" src=\"https:\/\/punkturinn.akureyri.is\/wp-content\/uploads\/2020\/01\/Bls-2.png\" alt=\"\" width=\"1240\" height=\"1754\" srcset=\"https:\/\/punkturinn.akureyri.is\/wp-content\/uploads\/2020\/01\/Bls-2.png 1240w, https:\/\/punkturinn.akureyri.is\/wp-content\/uploads\/2020\/01\/Bls-2-212x300.png 212w, https:\/\/punkturinn.akureyri.is\/wp-content\/uploads\/2020\/01\/Bls-2-768x1086.png 768w, https:\/\/punkturinn.akureyri.is\/wp-content\/uploads\/2020\/01\/Bls-2-724x1024.png 724w\" sizes=\"(max-width: 1240px) 100vw, 1240px\" \/><\/a> <a href=\"https:\/\/punkturinn.akureyri.is\/wp-content\/uploads\/2020\/01\/Bls-3.png\"><img loading=\"lazy\" class=\"aligncenter size-full wp-image-818\" src=\"https:\/\/punkturinn.akureyri.is\/wp-content\/uploads\/2020\/01\/Bls-3.png\" alt=\"\" width=\"1240\" height=\"1754\" srcset=\"https:\/\/punkturinn.akureyri.is\/wp-content\/uploads\/2020\/01\/Bls-3.png 1240w, https:\/\/punkturinn.akureyri.is\/wp-content\/uploads\/2020\/01\/Bls-3-212x300.png 212w, https:\/\/punkturinn.akureyri.is\/wp-content\/uploads\/2020\/01\/Bls-3-768x1086.png 768w, https:\/\/punkturinn.akureyri.is\/wp-content\/uploads\/2020\/01\/Bls-3-724x1024.png 724w\" sizes=\"(max-width: 1240px) 100vw, 1240px\" \/><\/a> <a href=\"https:\/\/punkturinn.akureyri.is\/wp-content\/uploads\/2020\/01\/Bls-4.png\"><img loading=\"lazy\" class=\"aligncenter size-full wp-image-819\" src=\"https:\/\/punkturinn.akureyri.is\/wp-content\/uploads\/2020\/01\/Bls-4.png\" alt=\"\" width=\"1240\" height=\"1754\" srcset=\"https:\/\/punkturinn.akureyri.is\/wp-content\/uploads\/2020\/01\/Bls-4.png 1240w, https:\/\/punkturinn.akureyri.is\/wp-content\/uploads\/2020\/01\/Bls-4-212x300.png 212w, https:\/\/punkturinn.akureyri.is\/wp-content\/uploads\/2020\/01\/Bls-4-768x1086.png 768w, https:\/\/punkturinn.akureyri.is\/wp-content\/uploads\/2020\/01\/Bls-4-724x1024.png 724w\" sizes=\"(max-width: 1240px) 100vw, 1240px\" \/><\/a> <a href=\"https:\/\/punkturinn.akureyri.is\/wp-content\/uploads\/2020\/01\/Bls-5.png\"><img loading=\"lazy\" class=\"aligncenter size-full wp-image-820\" src=\"https:\/\/punkturinn.akureyri.is\/wp-content\/uploads\/2020\/01\/Bls-5.png\" alt=\"\" width=\"1240\" height=\"1754\" srcset=\"https:\/\/punkturinn.akureyri.is\/wp-content\/uploads\/2020\/01\/Bls-5.png 1240w, https:\/\/punkturinn.akureyri.is\/wp-content\/uploads\/2020\/01\/Bls-5-212x300.png 212w, https:\/\/punkturinn.akureyri.is\/wp-content\/uploads\/2020\/01\/Bls-5-768x1086.png 768w, https:\/\/punkturinn.akureyri.is\/wp-content\/uploads\/2020\/01\/Bls-5-724x1024.png 724w\" sizes=\"(max-width: 1240px) 100vw, 1240px\" \/><\/a> <a href=\"https:\/\/punkturinn.akureyri.is\/wp-content\/uploads\/2020\/01\/Bls-6.png\"><img loading=\"lazy\" class=\"aligncenter size-full wp-image-821\" src=\"https:\/\/punkturinn.akureyri.is\/wp-content\/uploads\/2020\/01\/Bls-6.png\" alt=\"\" width=\"1240\" height=\"1754\" srcset=\"https:\/\/punkturinn.akureyri.is\/wp-content\/uploads\/2020\/01\/Bls-6.png 1240w, https:\/\/punkturinn.akureyri.is\/wp-content\/uploads\/2020\/01\/Bls-6-212x300.png 212w, https:\/\/punkturinn.akureyri.is\/wp-content\/uploads\/2020\/01\/Bls-6-768x1086.png 768w, https:\/\/punkturinn.akureyri.is\/wp-content\/uploads\/2020\/01\/Bls-6-724x1024.png 724w\" sizes=\"(max-width: 1240px) 100vw, 1240px\" \/><\/a><a href=\"https:\/\/punkturinn.akureyri.is\/wp-content\/uploads\/2020\/01\/Baklingur-vor-2020-endanlegur.png\"><br \/>\n<\/a><a href=\"https:\/\/punkturinn.akureyri.is\/wp-content\/uploads\/2019\/10\/1.jpg\"><br \/>\n<img loading=\"lazy\" class=\"aligncenter size-full wp-image-754\" src=\"https:\/\/punkturinn.akureyri.is\/wp-content\/uploads\/2019\/10\/1.jpg\" alt=\"\" width=\"1240\" height=\"1754\" srcset=\"https:\/\/punkturinn.akureyri.is\/wp-content\/uploads\/2019\/10\/1.jpg 1240w, https:\/\/punkturinn.akureyri.is\/wp-content\/uploads\/2019\/10\/1-212x300.jpg 212w, https:\/\/punkturinn.akureyri.is\/wp-content\/uploads\/2019\/10\/1-768x1086.jpg 768w, https:\/\/punkturinn.akureyri.is\/wp-content\/uploads\/2019\/10\/1-724x1024.jpg 724w\" sizes=\"(max-width: 1240px) 100vw, 1240px\" \/><\/a><a href=\"https:\/\/punkturinn.akureyri.is\/wp-content\/uploads\/2019\/10\/2.jpg\"><img loading=\"lazy\" class=\"aligncenter size-full wp-image-755\" src=\"https:\/\/punkturinn.akureyri.is\/wp-content\/uploads\/2019\/10\/2.jpg\" alt=\"\" width=\"1240\" height=\"1754\" srcset=\"https:\/\/punkturinn.akureyri.is\/wp-content\/uploads\/2019\/10\/2.jpg 1240w, https:\/\/punkturinn.akureyri.is\/wp-content\/uploads\/2019\/10\/2-212x300.jpg 212w, https:\/\/punkturinn.akureyri.is\/wp-content\/uploads\/2019\/10\/2-768x1086.jpg 768w, https:\/\/punkturinn.akureyri.is\/wp-content\/uploads\/2019\/10\/2-724x1024.jpg 724w\" sizes=\"(max-width: 1240px) 100vw, 1240px\" \/><\/a><a href=\"https:\/\/punkturinn.akureyri.is\/wp-content\/uploads\/2019\/10\/3-1.jpg\"><img loading=\"lazy\" class=\"aligncenter size-full wp-image-758\" src=\"https:\/\/punkturinn.akureyri.is\/wp-content\/uploads\/2019\/10\/3-1.jpg\" alt=\"\" width=\"1240\" height=\"1754\" srcset=\"https:\/\/punkturinn.akureyri.is\/wp-content\/uploads\/2019\/10\/3-1.jpg 1240w, https:\/\/punkturinn.akureyri.is\/wp-content\/uploads\/2019\/10\/3-1-212x300.jpg 212w, https:\/\/punkturinn.akureyri.is\/wp-content\/uploads\/2019\/10\/3-1-768x1086.jpg 768w, https:\/\/punkturinn.akureyri.is\/wp-content\/uploads\/2019\/10\/3-1-724x1024.jpg 724w\" sizes=\"(max-width: 1240px) 100vw, 1240px\" \/><\/a><a href=\"https:\/\/punkturinn.akureyri.is\/wp-content\/uploads\/2019\/10\/4-1.jpg\"><img loading=\"lazy\" class=\"aligncenter size-full wp-image-759\" src=\"https:\/\/punkturinn.akureyri.is\/wp-content\/uploads\/2019\/10\/4-1.jpg\" alt=\"\" width=\"1240\" height=\"1754\" srcset=\"https:\/\/punkturinn.akureyri.is\/wp-content\/uploads\/2019\/10\/4-1.jpg 1240w, https:\/\/punkturinn.akureyri.is\/wp-content\/uploads\/2019\/10\/4-1-212x300.jpg 212w, https:\/\/punkturinn.akureyri.is\/wp-content\/uploads\/2019\/10\/4-1-768x1086.jpg 768w, https:\/\/punkturinn.akureyri.is\/wp-content\/uploads\/2019\/10\/4-1-724x1024.jpg 724w\" sizes=\"(max-width: 1240px) 100vw, 1240px\" \/><\/a><a href=\"https:\/\/punkturinn.akureyri.is\/wp-content\/uploads\/2019\/10\/5.jpg\"><img loading=\"lazy\" class=\"aligncenter size-full wp-image-760\" src=\"https:\/\/punkturinn.akureyri.is\/wp-content\/uploads\/2019\/10\/5.jpg\" alt=\"\" width=\"1240\" height=\"1754\" srcset=\"https:\/\/punkturinn.akureyri.is\/wp-content\/uploads\/2019\/10\/5.jpg 1240w, https:\/\/punkturinn.akureyri.is\/wp-content\/uploads\/2019\/10\/5-212x300.jpg 212w, https:\/\/punkturinn.akureyri.is\/wp-content\/uploads\/2019\/10\/5-768x1086.jpg 768w, https:\/\/punkturinn.akureyri.is\/wp-content\/uploads\/2019\/10\/5-724x1024.jpg 724w\" sizes=\"(max-width: 1240px) 100vw, 1240px\" \/><\/a><a href=\"https:\/\/punkturinn.akureyri.is\/wp-content\/uploads\/2019\/10\/6.jpg\"><img loading=\"lazy\" class=\"aligncenter size-full wp-image-761\" src=\"https:\/\/punkturinn.akureyri.is\/wp-content\/uploads\/2019\/10\/6.jpg\" alt=\"\" width=\"1240\" height=\"1754\" srcset=\"https:\/\/punkturinn.akureyri.is\/wp-content\/uploads\/2019\/10\/6.jpg 1240w, https:\/\/punkturinn.akureyri.is\/wp-content\/uploads\/2019\/10\/6-212x300.jpg 212w, https:\/\/punkturinn.akureyri.is\/wp-content\/uploads\/2019\/10\/6-768x1086.jpg 768w, https:\/\/punkturinn.akureyri.is\/wp-content\/uploads\/2019\/10\/6-724x1024.jpg 724w\" sizes=\"(max-width: 1240px) 100vw, 1240px\" \/><\/a><a href=\"https:\/\/punkturinn.akureyri.is\/wp-content\/uploads\/2019\/10\/7.jpg\"><img loading=\"lazy\" class=\"aligncenter size-full wp-image-762\" src=\"https:\/\/punkturinn.akureyri.is\/wp-content\/uploads\/2019\/10\/7.jpg\" alt=\"\" width=\"1240\" height=\"1754\" srcset=\"https:\/\/punkturinn.akureyri.is\/wp-content\/uploads\/2019\/10\/7.jpg 1240w, https:\/\/punkturinn.akureyri.is\/wp-content\/uploads\/2019\/10\/7-212x300.jpg 212w, https:\/\/punkturinn.akureyri.is\/wp-content\/uploads\/2019\/10\/7-768x1086.jpg 768w, https:\/\/punkturinn.akureyri.is\/wp-content\/uploads\/2019\/10\/7-724x1024.jpg 724w\" sizes=\"(max-width: 1240px) 100vw, 1240px\" \/><\/a><a href=\"https:\/\/punkturinn.akureyri.is\/wp-content\/uploads\/2019\/10\/8.jpg\"><img loading=\"lazy\" class=\"aligncenter size-full wp-image-763\" src=\"https:\/\/punkturinn.akureyri.is\/wp-content\/uploads\/2019\/10\/8.jpg\" alt=\"\" width=\"1240\" height=\"1754\" srcset=\"https:\/\/punkturinn.akureyri.is\/wp-content\/uploads\/2019\/10\/8.jpg 1240w, https:\/\/punkturinn.akureyri.is\/wp-content\/uploads\/2019\/10\/8-212x300.jpg 212w, https:\/\/punkturinn.akureyri.is\/wp-content\/uploads\/2019\/10\/8-768x1086.jpg 768w, https:\/\/punkturinn.akureyri.is\/wp-content\/uploads\/2019\/10\/8-724x1024.jpg 724w\" sizes=\"(max-width: 1240px) 100vw, 1240px\" \/><\/a><\/p>\n<p>&nbsp;<\/p>\n<p><a href=\"https:\/\/punkturinn.akureyri.is\/wp-content\/uploads\/2019\/02\/fors.jpg\"><img loading=\"lazy\" class=\"aligncenter size-full wp-image-658\" src=\"https:\/\/punkturinn.akureyri.is\/wp-content\/uploads\/2019\/02\/fors.jpg\" alt=\"\" width=\"1240\" height=\"1754\" srcset=\"https:\/\/punkturinn.akureyri.is\/wp-content\/uploads\/2019\/02\/fors.jpg 1240w, https:\/\/punkturinn.akureyri.is\/wp-content\/uploads\/2019\/02\/fors-212x300.jpg 212w, https:\/\/punkturinn.akureyri.is\/wp-content\/uploads\/2019\/02\/fors-768x1086.jpg 768w, https:\/\/punkturinn.akureyri.is\/wp-content\/uploads\/2019\/02\/fors-724x1024.jpg 724w\" sizes=\"(max-width: 1240px) 100vw, 1240px\" \/><\/a><\/p>\n<p><a href=\"https:\/\/punkturinn.akureyri.is\/wp-content\/uploads\/2019\/02\/rennsli.jpg\"><img loading=\"lazy\" class=\"aligncenter size-full wp-image-657\" src=\"https:\/\/punkturinn.akureyri.is\/wp-content\/uploads\/2019\/02\/rennsli.jpg\" alt=\"\" width=\"1240\" height=\"1754\" srcset=\"https:\/\/punkturinn.akureyri.is\/wp-content\/uploads\/2019\/02\/rennsli.jpg 1240w, https:\/\/punkturinn.akureyri.is\/wp-content\/uploads\/2019\/02\/rennsli-212x300.jpg 212w, https:\/\/punkturinn.akureyri.is\/wp-content\/uploads\/2019\/02\/rennsli-768x1086.jpg 768w, https:\/\/punkturinn.akureyri.is\/wp-content\/uploads\/2019\/02\/rennsli-724x1024.jpg 724w\" sizes=\"(max-width: 1240px) 100vw, 1240px\" \/><\/a><\/p>\n<p><a href=\"https:\/\/punkturinn.akureyri.is\/wp-content\/uploads\/2019\/02\/milliverk.jpg\"><img loading=\"lazy\" class=\"aligncenter size-full wp-image-656\" src=\"https:\/\/punkturinn.akureyri.is\/wp-content\/uploads\/2019\/02\/milliverk.jpg\" alt=\"\" width=\"1240\" height=\"1754\" srcset=\"https:\/\/punkturinn.akureyri.is\/wp-content\/uploads\/2019\/02\/milliverk.jpg 1240w, https:\/\/punkturinn.akureyri.is\/wp-content\/uploads\/2019\/02\/milliverk-212x300.jpg 212w, https:\/\/punkturinn.akureyri.is\/wp-content\/uploads\/2019\/02\/milliverk-768x1086.jpg 768w, https:\/\/punkturinn.akureyri.is\/wp-content\/uploads\/2019\/02\/milliverk-724x1024.jpg 724w\" sizes=\"(max-width: 1240px) 100vw, 1240px\" \/><\/a><\/p>\n<p><a href=\"https:\/\/punkturinn.akureyri.is\/wp-content\/uploads\/2019\/02\/sushi.jpg\"><img loading=\"lazy\" class=\"aligncenter size-full wp-image-655\" src=\"https:\/\/punkturinn.akureyri.is\/wp-content\/uploads\/2019\/02\/sushi.jpg\" alt=\"\" width=\"1240\" height=\"1754\" srcset=\"https:\/\/punkturinn.akureyri.is\/wp-content\/uploads\/2019\/02\/sushi.jpg 1240w, https:\/\/punkturinn.akureyri.is\/wp-content\/uploads\/2019\/02\/sushi-212x300.jpg 212w, https:\/\/punkturinn.akureyri.is\/wp-content\/uploads\/2019\/02\/sushi-768x1086.jpg 768w, https:\/\/punkturinn.akureyri.is\/wp-content\/uploads\/2019\/02\/sushi-724x1024.jpg 724w\" sizes=\"(max-width: 1240px) 100vw, 1240px\" \/><\/a><\/p>\n<p><a href=\"https:\/\/punkturinn.akureyri.is\/wp-content\/uploads\/2019\/02\/grodur.jpg\"><img loading=\"lazy\" class=\"aligncenter size-full wp-image-654\" src=\"https:\/\/punkturinn.akureyri.is\/wp-content\/uploads\/2019\/02\/grodur.jpg\" alt=\"\" width=\"1240\" height=\"1754\" srcset=\"https:\/\/punkturinn.akureyri.is\/wp-content\/uploads\/2019\/02\/grodur.jpg 1240w, https:\/\/punkturinn.akureyri.is\/wp-content\/uploads\/2019\/02\/grodur-212x300.jpg 212w, https:\/\/punkturinn.akureyri.is\/wp-content\/uploads\/2019\/02\/grodur-768x1086.jpg 768w, https:\/\/punkturinn.akureyri.is\/wp-content\/uploads\/2019\/02\/grodur-724x1024.jpg 724w\" sizes=\"(max-width: 1240px) 100vw, 1240px\" \/><\/a><\/p>\n<p><a href=\"https:\/\/punkturinn.akureyri.is\/wp-content\/uploads\/2019\/02\/sog.jpg\"><img loading=\"lazy\" class=\"aligncenter size-full wp-image-653\" src=\"https:\/\/punkturinn.akureyri.is\/wp-content\/uploads\/2019\/02\/sog.jpg\" alt=\"\" width=\"1240\" height=\"1754\" srcset=\"https:\/\/punkturinn.akureyri.is\/wp-content\/uploads\/2019\/02\/sog.jpg 1240w, https:\/\/punkturinn.akureyri.is\/wp-content\/uploads\/2019\/02\/sog-212x300.jpg 212w, https:\/\/punkturinn.akureyri.is\/wp-content\/uploads\/2019\/02\/sog-768x1086.jpg 768w, https:\/\/punkturinn.akureyri.is\/wp-content\/uploads\/2019\/02\/sog-724x1024.jpg 724w\" sizes=\"(max-width: 1240px) 100vw, 1240px\" \/><\/a><\/p>\n<p><a href=\"https:\/\/punkturinn.akureyri.is\/wp-content\/uploads\/2019\/02\/mandala.jpg\"><img loading=\"lazy\" class=\"aligncenter size-full wp-image-652\" src=\"https:\/\/punkturinn.akureyri.is\/wp-content\/uploads\/2019\/02\/mandala.jpg\" alt=\"\" width=\"1240\" height=\"1754\" srcset=\"https:\/\/punkturinn.akureyri.is\/wp-content\/uploads\/2019\/02\/mandala.jpg 1240w, https:\/\/punkturinn.akureyri.is\/wp-content\/uploads\/2019\/02\/mandala-212x300.jpg 212w, https:\/\/punkturinn.akureyri.is\/wp-content\/uploads\/2019\/02\/mandala-768x1086.jpg 768w, https:\/\/punkturinn.akureyri.is\/wp-content\/uploads\/2019\/02\/mandala-724x1024.jpg 724w\" sizes=\"(max-width: 1240px) 100vw, 1240px\" \/><\/a><\/p>\n<p><a href=\"https:\/\/punkturinn.akureyri.is\/wp-content\/uploads\/2019\/02\/kubbur.jpg\"><img loading=\"lazy\" class=\"aligncenter size-full wp-image-651\" src=\"https:\/\/punkturinn.akureyri.is\/wp-content\/uploads\/2019\/02\/kubbur.jpg\" alt=\"\" width=\"1240\" height=\"1754\" srcset=\"https:\/\/punkturinn.akureyri.is\/wp-content\/uploads\/2019\/02\/kubbur.jpg 1240w, https:\/\/punkturinn.akureyri.is\/wp-content\/uploads\/2019\/02\/kubbur-212x300.jpg 212w, https:\/\/punkturinn.akureyri.is\/wp-content\/uploads\/2019\/02\/kubbur-768x1086.jpg 768w, https:\/\/punkturinn.akureyri.is\/wp-content\/uploads\/2019\/02\/kubbur-724x1024.jpg 724w\" sizes=\"(max-width: 1240px) 100vw, 1240px\" \/><\/a><\/p>\n<p>&nbsp;<\/p>\n<p>Lei\u00f0beiningar fyrir skr\u00e1ningu \u00e1 n\u00e1mskei\u00f0<\/p>\n<p><img loading=\"lazy\" class=\"alignnone size-full wp-image-373\" style=\"margin-top: 0.4em; color: #1b8be0;\" src=\"https:\/\/punkturinn.akureyri.is\/wp-content\/uploads\/2015\/10\/skraning.jpg\" alt=\"\" width=\"1144\" height=\"827\" srcset=\"https:\/\/punkturinn.akureyri.is\/wp-content\/uploads\/2015\/10\/skraning.jpg 1144w, https:\/\/punkturinn.akureyri.is\/wp-content\/uploads\/2015\/10\/skraning-300x217.jpg 300w, https:\/\/punkturinn.akureyri.is\/wp-content\/uploads\/2015\/10\/skraning-768x555.jpg 768w, https:\/\/punkturinn.akureyri.is\/wp-content\/uploads\/2015\/10\/skraning-1024x740.jpg 1024w, https:\/\/punkturinn.akureyri.is\/wp-content\/uploads\/2015\/10\/skraning-415x300.jpg 415w\" sizes=\"(max-width: 1144px) 100vw, 1144px\" \/><\/p>\n<p>&nbsp;<\/p>\n<p>&nbsp;<\/p>\n<p>&nbsp;<\/p>\n<p>&nbsp;<\/p>\n<p>&nbsp;<\/p>\n<p>&nbsp;<\/p>\n<p><a href=\"https:\/\/rosenborg.felog.is\/\" target=\"_blank\" rel=\"noopener noreferrer\"><strong>\u00a0<\/strong><\/a><\/p>\n<p>&nbsp;<\/p>\n<p>&nbsp;<\/p>\n<p>&nbsp;<\/p>\n<p>&nbsp;<\/p>\n<p>&nbsp;<\/p>\n<p>&nbsp;<\/p>\n<p>&nbsp;<\/p>\n<p>&nbsp;<\/p>\n<p>&nbsp;<\/p>\n<p>&nbsp;<\/p>\n<p>&nbsp;<\/p>\n<p>&nbsp;<\/p>\n<p>&nbsp;<\/p>\n<p>&nbsp;<\/p>\n<p>&nbsp;<\/p>\n<p><strong><u>\u00a0<\/u><\/strong><\/p>\n<p>&nbsp;<\/p>\n<p>&nbsp;<\/p>\n<p>&nbsp;<\/p>\n<p>&nbsp;<\/p>\n","protected":false},"excerpt":{"rendered":"<p>&nbsp; &nbsp; Lei\u00f0beiningar fyrir skr\u00e1ningu \u00e1 n\u00e1mskei\u00f0 &nbsp; &nbsp; &nbsp; &nbsp; &nbsp; &nbsp; \u00a0 &nbsp; &nbsp; &nbsp; &nbsp; &nbsp; &nbsp; &nbsp; &nbsp; &nbsp; &nbsp; &nbsp; &nbsp; &nbsp; &nbsp; &nbsp; \u00a0 &nbsp; &nbsp; &nbsp; &nbsp;<\/p>\n","protected":false},"author":1,"featured_media":33,"parent":0,"menu_order":0,"comment_status":"closed","ping_status":"closed","template":"sidebar-page.php","meta":[],"_links":{"self":[{"href":"https:\/\/punkturinn.akureyri.is\/index.php\/wp-json\/wp\/v2\/pages\/12"}],"collection":[{"href":"https:\/\/punkturinn.akureyri.is\/index.php\/wp-json\/wp\/v2\/pages"}],"about":[{"href":"https:\/\/punkturinn.akureyri.is\/index.php\/wp-json\/wp\/v2\/types\/page"}],"author":[{"embeddable":true,"href":"https:\/\/punkturinn.akureyri.is\/index.php\/wp-json\/wp\/v2\/users\/1"}],"replies":[{"embeddable":true,"href":"https:\/\/punkturinn.akureyri.is\/index.php\/wp-json\/wp\/v2\/comments?post=12"}],"version-history":[{"count":39,"href":"https:\/\/punkturinn.akureyri.is\/index.php\/wp-json\/wp\/v2\/pages\/12\/revisions"}],"predecessor-version":[{"id":823,"href":"https:\/\/punkturinn.akureyri.is\/index.php\/wp-json\/wp\/v2\/pages\/12\/revisions\/823"}],"wp:featuredmedia":[{"embeddable":true,"href":"https:\/\/punkturinn.akureyri.is\/index.php\/wp-json\/wp\/v2\/media\/33"}],"wp:attachment":[{"href":"https:\/\/punkturinn.akureyri.is\/index.php\/wp-json\/wp\/v2\/media?parent=12"}],"curies":[{"name":"wp","href":"https:\/\/api.w.org\/{rel}","templated":true}]}}